{"id":2941,"date":"2020-10-19T10:35:56","date_gmt":"2020-10-19T07:35:56","guid":{"rendered":"https:\/\/hotelf6.fi\/?page_id=2941"},"modified":"2025-07-03T12:03:57","modified_gmt":"2025-07-03T09:03:57","slug":"saapuminen-lahteminen","status":"publish","type":"page","link":"https:\/\/www.hotelf6.fi\/fi\/saapuminen-lahteminen\/","title":{"rendered":"Saapuminen &#038; L\u00e4hteminen"},"content":{"rendered":"\n<h2 class=\"wp-block-heading has-text-align-center has-large-font-size\">Saapuminen hotellille <\/h2>\n\n\n\n<div class=\"wp-block-columns is-layout-flex wp-container-core-columns-is-layout-9d6595d7 wp-block-columns-is-layout-flex\">\n<div class=\"wp-block-column is-layout-flow wp-block-column-is-layout-flow\"><\/div>\n\n\n\n<div class=\"wp-block-column is-layout-flow wp-block-column-is-layout-flow\">\n<hr class=\"wp-block-separator has-alpha-channel-opacity\"\/>\n<\/div>\n\n\n\n<div class=\"wp-block-column is-layout-flow wp-block-column-is-layout-flow\"><\/div>\n<\/div>\n\n\n\n<div class=\"wp-block-columns is-layout-flex wp-container-core-columns-is-layout-9d6595d7 wp-block-columns-is-layout-flex\">\n<div class=\"wp-block-column is-vertically-aligned-center is-layout-flow wp-block-column-is-layout-flow\">\n<div class=\"wp-block-cover is-light\" style=\"min-height:386px;aspect-ratio:unset;\"><img loading=\"lazy\" decoding=\"async\" width=\"1280\" height=\"1920\" class=\"wp-block-cover__image-background wp-image-3015\" alt=\"\" src=\"https:\/\/hotelf6.fi\/wp-content\/uploads\/2020\/10\/170222_F6_huone105_005-1.jpg\" data-object-fit=\"cover\" srcset=\"https:\/\/www.hotelf6.fi\/wp-content\/uploads\/2020\/10\/170222_F6_huone105_005-1.jpg 1280w, https:\/\/www.hotelf6.fi\/wp-content\/uploads\/2020\/10\/170222_F6_huone105_005-1-683x1024.jpg 683w, https:\/\/www.hotelf6.fi\/wp-content\/uploads\/2020\/10\/170222_F6_huone105_005-1-1024x1536.jpg 1024w\" sizes=\"auto, (max-width: 1280px) 100vw, 1280px\" \/><span aria-hidden=\"true\" class=\"wp-block-cover__background has-background-dim\"><\/span><div class=\"wp-block-cover__inner-container is-layout-flow wp-block-cover-is-layout-flow\">\n<p class=\"has-text-align-center has-white-color has-text-color has-link-color wp-elements-1eec963d7a0e29a5c0173eb0163dcb8b\" style=\"font-size:25px\"><em>Sis\u00e4\u00e4nkirjautuminen <br>klo 14:00<br><br>Uloskirjautuminen <br>Klo 12:00<\/em><\/p>\n<\/div><\/div>\n<\/div>\n\n\n\n<div class=\"wp-block-column is-layout-flow wp-block-column-is-layout-flow\">\n<p class=\"has-text-align-center has-medium-font-size\"><strong>Aikainen saapuminen tai my\u00f6h\u00e4inen l\u00e4ht\u00f6? <\/strong><\/p>\n\n\n\n<p class=\"has-text-align-center has-medium-font-size\">Mahdollisuutta aikaiseen sis\u00e4\u00e4nkirjautumiseen tai my\u00f6h\u00e4isemp\u00e4\u00e4n huoneen luovutukseen voi tiedustella vastaanotostamme.<\/p>\n\n\n\n<p class=\"has-text-align-center has-medium-font-size\">Huomioittehan yst\u00e4v\u00e4llisesti, ett\u00e4 n\u00e4iden saatavuus riippuu aina p\u00e4iv\u00e4n varaustilanteesta. <br><br><strong>Saavutteko my\u00f6h\u00e4\u00e4n?<\/strong><br>Ei h\u00e4t\u00e4\u00e4! Vastaanottomme on avoinna vuorokauden ymp\u00e4ri.<\/p>\n<\/div>\n<\/div>\n\n\n\n<p class=\"has-text-align-center\"><\/p>\n\n\n\n<hr class=\"wp-block-separator has-css-opacity\"\/>\n\n\n\n<h2 class=\"wp-block-heading has-text-align-center has-large-font-size\">Kuinka l\u00f6yd\u00e4tte perille <\/h2>\n\n\n\n<div class=\"wp-block-columns is-layout-flex wp-container-core-columns-is-layout-9d6595d7 wp-block-columns-is-layout-flex\">\n<div class=\"wp-block-column is-layout-flow wp-block-column-is-layout-flow\"><\/div>\n\n\n\n<div class=\"wp-block-column is-layout-flow wp-block-column-is-layout-flow\">\n<hr class=\"wp-block-separator has-css-opacity\"\/>\n<\/div>\n\n\n\n<div class=\"wp-block-column is-layout-flow wp-block-column-is-layout-flow\"><\/div>\n<\/div>\n\n\n\n<p class=\"has-text-align-center\"><strong>Lentokent\u00e4lt\u00e4 saapuville<\/strong><\/p>\n\n\n\n<p class=\"has-text-align-center\"><strong>Haluatteko saapua taksilla? <\/strong>Lentokent\u00e4ll\u00e4 on useimmiten takseja helposti saatavilla. Matka Helsinki-Vantaan lentokent\u00e4lt\u00e4 Hotel F6:een kest\u00e4\u00e4 noin puoli tuntia. <\/p>\n\n\n\n<p class=\"has-text-align-center\"><strong>Haluatteko varata kyydin etuk\u00e4teen?<\/strong> Vastaanottomme auttaa mielell\u00e4\u00e4n, mik\u00e4li haluatte varata ennakkoon yksityisen kuljetuksen suoraan lentokent\u00e4lt\u00e4 hotellille. <br><br><strong>Saavutteko mieluiten junalla? <\/strong>Paikallisjunalla p\u00e4\u00e4see k\u00e4tev\u00e4sti Helsingin keskustaan. Junat lentokent\u00e4lt\u00e4 kohti keskustaa l\u00e4htev\u00e4t usein ja matkaan kuluu noin puoli tuntia. Aikataulun voi tarkistaa <a data-type=\"URL\" data-id=\"https:\/\/www.hsl.fi\/reitit-ja-aikataulut\" href=\"https:\/\/www.hsl.fi\/reitit-ja-aikataulut\" target=\"_blank\" rel=\"noreferrer noopener\">HSL -sivuilta<\/a>.<br><br><\/p>\n\n\n\n<p class=\"has-text-align-center\"><strong>Rautatieasemalta hotellille<\/strong><\/p>\n\n\n\n<p class=\"has-text-align-center\"><strong>K\u00e4velymatka keskustan halki. <\/strong>Helsingin p\u00e4\u00e4rautatieasemalta on noin kilometrin matka hotellille, joten matka sujuu helposti k\u00e4vellen. <\/p>\n\n\n\n<p><\/p>\n\n\n\n<hr class=\"wp-block-separator has-alpha-channel-opacity\"\/>\n\n\n\n<h2 class=\"wp-block-heading has-text-align-center\" style=\"font-size:30px\"><br><em>Hotel F6 sijaitsee keskeisell\u00e4 paikalla Helsingin syd\u00e4mess\u00e4. T\u00e4rkeimm\u00e4t n\u00e4ht\u00e4vyydet ja kaupungin ydinkeskusta ovat vain lyhyen k\u00e4velymatkan p\u00e4\u00e4ss\u00e4.<\/em><br><br><\/h2>\n\n\n\n<hr class=\"wp-block-separator has-css-opacity\"\/>\n\n\n\n<h2 class=\"wp-block-heading has-text-align-center has-large-font-size\">Pys\u00e4k\u00f6inti <\/h2>\n\n\n\n<div class=\"wp-block-columns is-layout-flex wp-container-core-columns-is-layout-9d6595d7 wp-block-columns-is-layout-flex\">\n<div class=\"wp-block-column is-layout-flow wp-block-column-is-layout-flow\"><\/div>\n\n\n\n<div class=\"wp-block-column is-layout-flow wp-block-column-is-layout-flow\">\n<hr class=\"wp-block-separator has-alpha-channel-opacity\"\/>\n<\/div>\n\n\n\n<div class=\"wp-block-column is-layout-flow wp-block-column-is-layout-flow\"><\/div>\n<\/div>\n\n\n\n<p class=\"has-text-align-center\">L\u00e4hin parkkihalli sijaitsee vain 100 metrin p\u00e4\u00e4ss\u00e4 hotellilta. Parkkihalli Aimo Park Kasarmitori on helppo vaihtoehto pys\u00e4k\u00f6intiin kun y\u00f6vytte Hotel F6:ssa. T\u00e4ss\u00e4 pys\u00e4k\u00f6intihallissa on latauspisteit\u00e4 s\u00e4hk\u00f6autoille.<\/p>\n\n\n\n<p class=\"has-text-align-center\"> Vieraamme voivat pyyt\u00e4\u00e4 vastaanotostamme etukuponkia, jolla pys\u00e4k\u00f6intiin saa 20 % alennuksen. <\/p>\n\n\n\n<p class=\"has-text-align-center\">Huomioittehan, ett\u00e4 etua ei ole mahdollista lunastaa jos pys\u00e4k\u00f6intiin k\u00e4ytet\u00e4\u00e4n parkkisovellusta ja siihen kuuluvaa kameratunnistusta. <\/p>\n\n\n\n<figure class=\"wp-block-image size-large\"><img loading=\"lazy\" decoding=\"async\" width=\"1920\" height=\"1279\" src=\"https:\/\/hotelf6.fi\/wp-content\/uploads\/2016\/03\/Hotel-H6_38-1920x1279.jpg\" alt=\"\" class=\"wp-image-748\" srcset=\"https:\/\/www.hotelf6.fi\/wp-content\/uploads\/2016\/03\/Hotel-H6_38.jpg 1920w, https:\/\/www.hotelf6.fi\/wp-content\/uploads\/2016\/03\/Hotel-H6_38-1024x682.jpg 1024w\" sizes=\"auto, (max-width: 1920px) 100vw, 1920px\" \/><\/figure>\n","protected":false},"excerpt":{"rendered":"<p>Saapuminen hotellille Aikainen saapuminen tai my\u00f6h\u00e4inen l\u00e4ht\u00f6? Mahdollisuutta aikaiseen sis\u00e4\u00e4nkirjautumiseen tai my\u00f6h\u00e4isemp\u00e4\u00e4n huoneen luovutukseen voi tiedustella vastaanotostamme. Huomioittehan yst\u00e4v\u00e4llisesti, ett\u00e4 n\u00e4iden saatavuus riippuu aina p\u00e4iv\u00e4n varaustilanteesta. Saavutteko my\u00f6h\u00e4\u00e4n?Ei h\u00e4t\u00e4\u00e4! Vastaanottomme on avoinna vuorokauden ymp\u00e4ri. Kuinka l\u00f6yd\u00e4tte perille Lentokent\u00e4lt\u00e4 saapuville Haluatteko saapua taksilla? Lentokent\u00e4ll\u00e4 on useimmiten takseja helposti saatavilla. Matka Helsinki-Vantaan lentokent\u00e4lt\u00e4 Hotel F6:een kest\u00e4\u00e4 noin<a class=\"excerpt-read-more\" href=\"https:\/\/www.hotelf6.fi\/fi\/saapuminen-lahteminen\/\" title=\"ReadSaapuminen &#038; L\u00e4hteminen\">&#8230; Read more &raquo;<\/a><\/p>\n","protected":false},"author":2,"featured_media":0,"parent":0,"menu_order":0,"comment_status":"closed","ping_status":"closed","template":"","meta":{"_acf_changed":false,"footnotes":""},"class_list":["post-2941","page","type-page","status-publish","hentry"],"acf":[],"aioseo_notices":[],"_links":{"self":[{"href":"https:\/\/www.hotelf6.fi\/fi\/wp-json\/wp\/v2\/pages\/2941","targetHints":{"allow":["GET"]}}],"collection":[{"href":"https:\/\/www.hotelf6.fi\/fi\/wp-json\/wp\/v2\/pages"}],"about":[{"href":"https:\/\/www.hotelf6.fi\/fi\/wp-json\/wp\/v2\/types\/page"}],"author":[{"embeddable":true,"href":"https:\/\/www.hotelf6.fi\/fi\/wp-json\/wp\/v2\/users\/2"}],"replies":[{"embeddable":true,"href":"https:\/\/www.hotelf6.fi\/fi\/wp-json\/wp\/v2\/comments?post=2941"}],"version-history":[{"count":70,"href":"https:\/\/www.hotelf6.fi\/fi\/wp-json\/wp\/v2\/pages\/2941\/revisions"}],"predecessor-version":[{"id":7796,"href":"https:\/\/www.hotelf6.fi\/fi\/wp-json\/wp\/v2\/pages\/2941\/revisions\/7796"}],"wp:attachment":[{"href":"https:\/\/www.hotelf6.fi\/fi\/wp-json\/wp\/v2\/media?parent=2941"}],"curies":[{"name":"wp","href":"https:\/\/api.w.org\/{rel}","templated":true}]}}