{"id":2655,"date":"2020-09-30T15:25:53","date_gmt":"2020-09-30T12:25:53","guid":{"rendered":"https:\/\/hotelf6.fi\/?page_id=2655"},"modified":"2026-04-02T15:44:58","modified_gmt":"2026-04-02T12:44:58","slug":"aamiainen","status":"publish","type":"page","link":"https:\/\/www.hotelf6.fi\/fi\/aamiainen\/","title":{"rendered":"Aamiainen"},"content":{"rendered":"\n<h2 class=\"wp-block-heading has-text-align-center has-large-font-size\">Aamiainen sis\u00e4ltyy aina hintaan!<\/h2>\n\n\n\n<div class=\"wp-block-columns is-layout-flex wp-container-core-columns-is-layout-9d6595d7 wp-block-columns-is-layout-flex\">\n<div class=\"wp-block-column is-layout-flow wp-block-column-is-layout-flow\"><\/div>\n\n\n\n<div class=\"wp-block-column is-layout-flow wp-block-column-is-layout-flow\">\n<hr class=\"wp-block-separator has-alpha-channel-opacity\"\/>\n<\/div>\n\n\n\n<div class=\"wp-block-column is-layout-flow wp-block-column-is-layout-flow\"><\/div>\n<\/div>\n\n\n\n<h3 class=\"wp-block-heading has-text-align-center\">Aamiaisemme koostuu tarkasti valikoiduista herkuista, joihin kuuluu runsaasti erilaisia l\u00e4hi- ja luomutuotteita<\/h3>\n\n\n\n<hr class=\"wp-block-separator has-alpha-channel-opacity\"\/>\n\n\n\n<h2 class=\"wp-block-heading has-text-align-center has-black-color has-text-color has-link-color has-large-font-size wp-elements-2a2dfea15938cd06bb6e2a0e75f68cb6\"><strong>Huhtikuun aamiaistarjous<\/strong><\/h2>\n\n\n\n<p class=\"has-text-align-center has-black-color has-text-color has-link-color wp-elements-82c0b29f31e1356a0b1ccb63be504416\">Juhlista kev\u00e4tt\u00e4 koko kuukauden ajan nauttimalla upeasta aamiaisbuffetistamme. Tarjoamme huhtikuun arkiaamuina sek\u00e4 p\u00e4\u00e4si\u00e4isviikonloppuna erikoishinnan, jotta voit aloittaa p\u00e4iv\u00e4si tyylill\u00e4.<\/p>\n\n\n\n<p class=\"has-text-align-center has-black-color has-text-color has-link-color wp-elements-34082797d442aec953c6a1de1e7444ad\">Nauti ravitsevasta ja kattavasta aamiaisestamme vain 22 \u20ac (norm. 28 \u20ac). <\/p>\n\n\n\n<p class=\"has-text-align-center has-black-color has-text-color has-link-color wp-elements-639c3a0ada2ce5bd6df31dc07e7e2e30\">Lis\u00e4\u00e4 lasillinen raikasta Mimosaa, yhteens\u00e4 30 \u20ac.<\/p>\n\n\n\n<p class=\"has-text-align-center has-black-color has-text-color has-link-color wp-elements-8d02b4e1ab8ee169d800e78119a01594\"><strong>Aamiainen tarjolla:<\/strong><br>Arkisin 07.00 \u2013 10.00<br>P\u00e4\u00e4si\u00e4isviikonloppuna 07.30 \u2013 11.30<\/p>\n\n\n\n<p class=\"has-text-align-center has-black-color has-text-color has-link-color wp-elements-68d828ad1866e6ff1b540287eb345bba\"><strong>Koko perhe on tervetullut:<\/strong><br>Lapset 0\u20133 v: Ilmaiseksi<br>Lapset 4\u201311 v: Puoleen hintaan<\/p>\n\n\n\n<p class=\"has-text-align-center has-black-color has-text-color has-link-color wp-elements-90beae99b504c393d32eb6f056dd2f02\">Olipa kyseess\u00e4 nopea arkiaamun piristys tai kiireet\u00f6n p\u00e4\u00e4si\u00e4ishetki, tervetuloa kaupungin syd\u00e4meen nauttimaan p\u00e4iv\u00e4n parhaasta hetkest\u00e4!<br><\/p>\n\n\n\n<figure class=\"wp-block-image size-full\"><img loading=\"lazy\" decoding=\"async\" width=\"2560\" height=\"1707\" src=\"https:\/\/hotelf6.fi\/wp-content\/uploads\/2020\/10\/MG_0212-scaled.jpg\" alt=\"\" class=\"wp-image-2855\" srcset=\"https:\/\/www.hotelf6.fi\/wp-content\/uploads\/2020\/10\/MG_0212-scaled.jpg 2560w, https:\/\/www.hotelf6.fi\/wp-content\/uploads\/2020\/10\/MG_0212-1024x683.jpg 1024w, https:\/\/www.hotelf6.fi\/wp-content\/uploads\/2020\/10\/MG_0212-1920x1280.jpg 1920w, https:\/\/www.hotelf6.fi\/wp-content\/uploads\/2020\/10\/MG_0212-1536x1024.jpg 1536w, https:\/\/www.hotelf6.fi\/wp-content\/uploads\/2020\/10\/MG_0212-2048x1365.jpg 2048w\" sizes=\"auto, (max-width: 2560px) 100vw, 2560px\" \/><\/figure>\n\n\n\n<hr class=\"wp-block-separator has-css-opacity\"\/>\n\n\n\n<div class=\"wp-block-columns is-layout-flex wp-container-core-columns-is-layout-9d6595d7 wp-block-columns-is-layout-flex\">\n<div class=\"wp-block-column is-layout-flow wp-block-column-is-layout-flow\">\n<p style=\"font-size:19px\">Aamiaisemme tarjoillaan kotoisassa keitti\u00f6ss\u00e4. Siihen kuuluu suomalaisia herkkuja, kuten esimerkiksi:<\/p>\n\n\n\n<p style=\"font-size:19px\">\u2022 K\u00e4sin tehdyt karjalanpiirakat<\/p>\n\n\n\n<p style=\"font-size:19px\">\u2022 Haudutettu luomupuuro<\/p>\n\n\n\n<p style=\"font-size:19px\">\u2022 Valikoima erilaisia leipi\u00e4 ja leivonnaisia<\/p>\n\n\n\n<p style=\"font-size:19px\">\u2022 Keitettyj\u00e4 luomukananmunia<\/p>\n\n\n\n<p style=\"font-size:19px\">\u2022 Juustoja ja leikkeleit\u00e4<\/p>\n\n\n\n<p style=\"font-size:19px\">\u2022 Jogurtteja, muroja ja myslej\u00e4<\/p>\n\n\n\n<p style=\"font-size:19px\">\u2022 Valikoima kahvia ja teet\u00e4<\/p>\n<\/div>\n\n\n\n<div class=\"wp-block-column is-layout-flow wp-block-column-is-layout-flow\">\n<div class=\"wp-block-cover is-light\" style=\"min-height:418px;aspect-ratio:unset;\"><img loading=\"lazy\" decoding=\"async\" width=\"1864\" height=\"2560\" class=\"wp-block-cover__image-background wp-image-2556\" alt=\"\" src=\"https:\/\/hotelf6.fi\/wp-content\/uploads\/2020\/09\/MG_9609-1-1-scaled.jpg\" data-object-fit=\"cover\" srcset=\"https:\/\/www.hotelf6.fi\/wp-content\/uploads\/2020\/09\/MG_9609-1-1-scaled.jpg 1864w, https:\/\/www.hotelf6.fi\/wp-content\/uploads\/2020\/09\/MG_9609-1-1-745x1024.jpg 745w, https:\/\/www.hotelf6.fi\/wp-content\/uploads\/2020\/09\/MG_9609-1-1-1398x1920.jpg 1398w, https:\/\/www.hotelf6.fi\/wp-content\/uploads\/2020\/09\/MG_9609-1-1-1118x1536.jpg 1118w, https:\/\/www.hotelf6.fi\/wp-content\/uploads\/2020\/09\/MG_9609-1-1-1491x2048.jpg 1491w\" sizes=\"auto, (max-width: 1864px) 100vw, 1864px\" \/><span aria-hidden=\"true\" class=\"wp-block-cover__background has-background-dim-30 has-background-dim\"><\/span><div class=\"wp-block-cover__inner-container is-layout-flow wp-block-cover-is-layout-flow\">\n<p class=\"has-text-align-center has-white-color has-text-color has-link-color has-large-font-size wp-elements-2ac3286435a269a6095645790b3b23bc\">Arkip\u00e4iv\u00e4t<br>7:00 &#8211; 10:00<\/p>\n\n\n\n<p class=\"has-text-align-center has-white-color has-text-color has-link-color has-large-font-size wp-elements-60fb5a1c767f1655dd1f5c99d86194c9\"><br>Viikonloppu <br>7:30 &#8211; 11:30<\/p>\n<\/div><\/div>\n\n\n\n<p><\/p>\n<\/div>\n<\/div>\n\n\n\n<hr class=\"wp-block-separator has-css-opacity\"\/>\n\n\n\n<h2 class=\"wp-block-heading has-text-align-center has-large-font-size\">Voiko aamiaiselle tulla, vaikka ei y\u00f6pyisi hotellissa? &#8211; Ehdottomasti!<\/h2>\n\n\n\n<div class=\"wp-block-columns is-layout-flex wp-container-core-columns-is-layout-9d6595d7 wp-block-columns-is-layout-flex\">\n<div class=\"wp-block-column is-layout-flow wp-block-column-is-layout-flow\"><\/div>\n\n\n\n<div class=\"wp-block-column is-layout-flow wp-block-column-is-layout-flow\">\n<hr class=\"wp-block-separator has-css-opacity\"\/>\n<\/div>\n\n\n\n<div class=\"wp-block-column is-layout-flow wp-block-column-is-layout-flow\"><\/div>\n<\/div>\n\n\n\n<p class=\"has-text-align-center\" style=\"font-size:25px\"><strong><em>Aamiaisbuffet 28\u20ac \/ henkil\u00f6 <\/em><\/strong><\/p>\n\n\n\n<p class=\"has-text-align-center has-medium-font-size\">Aamiaisen varaustilannetta voi tiedustella etuk\u00e4teen hotellilta, tai saapua suoraan paikan p\u00e4\u00e4lle aamulla.<\/p>\n\n\n\n<p class=\"has-text-align-center has-medium-font-size\">Huomioithan yst\u00e4v\u00e4llisesti, ett\u00e4 emme varaa aamiaiselta p\u00f6yti\u00e4.<br><\/p>\n\n\n\n<hr class=\"wp-block-separator has-css-opacity\"\/>\n\n\n\n<div class=\"wp-block-columns is-layout-flex wp-container-core-columns-is-layout-9d6595d7 wp-block-columns-is-layout-flex\">\n<div class=\"wp-block-column is-layout-flow wp-block-column-is-layout-flow\"><\/div>\n\n\n\n<div class=\"wp-block-column is-layout-flow wp-block-column-is-layout-flow\"><\/div>\n<\/div>\n\n\n\n<figure class=\"wp-block-gallery has-nested-images columns-default is-cropped wp-block-gallery-1 is-layout-flex wp-block-gallery-is-layout-flex\">\n<figure class=\"wp-block-image size-large\"><img loading=\"lazy\" decoding=\"async\" width=\"1324\" height=\"1920\" data-id=\"2448\" src=\"https:\/\/hotelf6.fi\/wp-content\/uploads\/2020\/09\/MG_9776-1-1324x1920.jpg\" alt=\"\" class=\"wp-image-2448\" srcset=\"https:\/\/www.hotelf6.fi\/wp-content\/uploads\/2020\/09\/MG_9776-1-1324x1920.jpg 1324w, https:\/\/www.hotelf6.fi\/wp-content\/uploads\/2020\/09\/MG_9776-1-706x1024.jpg 706w, https:\/\/www.hotelf6.fi\/wp-content\/uploads\/2020\/09\/MG_9776-1-1059x1536.jpg 1059w, https:\/\/www.hotelf6.fi\/wp-content\/uploads\/2020\/09\/MG_9776-1-1412x2048.jpg 1412w, https:\/\/www.hotelf6.fi\/wp-content\/uploads\/2020\/09\/MG_9776-1-scaled.jpg 1765w\" sizes=\"auto, (max-width: 1324px) 100vw, 1324px\" \/><\/figure>\n\n\n\n<figure class=\"wp-block-image size-large\"><img loading=\"lazy\" decoding=\"async\" width=\"1280\" height=\"1920\" data-id=\"2366\" src=\"https:\/\/hotelf6.fi\/wp-content\/uploads\/2020\/09\/MG_9738-1280x1920.jpg\" alt=\"\" class=\"wp-image-2366\" srcset=\"https:\/\/www.hotelf6.fi\/wp-content\/uploads\/2020\/09\/MG_9738-1280x1920.jpg 1280w, https:\/\/www.hotelf6.fi\/wp-content\/uploads\/2020\/09\/MG_9738-683x1024.jpg 683w, https:\/\/www.hotelf6.fi\/wp-content\/uploads\/2020\/09\/MG_9738-1024x1536.jpg 1024w, https:\/\/www.hotelf6.fi\/wp-content\/uploads\/2020\/09\/MG_9738-1365x2048.jpg 1365w, https:\/\/www.hotelf6.fi\/wp-content\/uploads\/2020\/09\/MG_9738-scaled.jpg 1707w\" sizes=\"auto, (max-width: 1280px) 100vw, 1280px\" \/><\/figure>\n<\/figure>\n\n\n\n<figure class=\"wp-block-gallery has-nested-images columns-default is-cropped wp-block-gallery-2 is-layout-flex wp-block-gallery-is-layout-flex\">\n<figure class=\"wp-block-image size-large\"><img loading=\"lazy\" decoding=\"async\" width=\"1393\" height=\"1920\" data-id=\"2418\" src=\"https:\/\/hotelf6.fi\/wp-content\/uploads\/2020\/09\/MG_9617-1393x1920.jpg\" alt=\"\" class=\"wp-image-2418\" srcset=\"https:\/\/www.hotelf6.fi\/wp-content\/uploads\/2020\/09\/MG_9617-1393x1920.jpg 1393w, https:\/\/www.hotelf6.fi\/wp-content\/uploads\/2020\/09\/MG_9617-743x1024.jpg 743w, https:\/\/www.hotelf6.fi\/wp-content\/uploads\/2020\/09\/MG_9617-1114x1536.jpg 1114w, https:\/\/www.hotelf6.fi\/wp-content\/uploads\/2020\/09\/MG_9617-1486x2048.jpg 1486w, https:\/\/www.hotelf6.fi\/wp-content\/uploads\/2020\/09\/MG_9617-scaled.jpg 1857w\" sizes=\"auto, (max-width: 1393px) 100vw, 1393px\" \/><\/figure>\n\n\n\n<figure class=\"wp-block-image size-large\"><img loading=\"lazy\" decoding=\"async\" width=\"1376\" height=\"1920\" data-id=\"2430\" src=\"https:\/\/hotelf6.fi\/wp-content\/uploads\/2020\/09\/MG_9594-1376x1920.jpg\" alt=\"\" class=\"wp-image-2430\" srcset=\"https:\/\/www.hotelf6.fi\/wp-content\/uploads\/2020\/09\/MG_9594-1376x1920.jpg 1376w, https:\/\/www.hotelf6.fi\/wp-content\/uploads\/2020\/09\/MG_9594-734x1024.jpg 734w, https:\/\/www.hotelf6.fi\/wp-content\/uploads\/2020\/09\/MG_9594-1101x1536.jpg 1101w, https:\/\/www.hotelf6.fi\/wp-content\/uploads\/2020\/09\/MG_9594-1468x2048.jpg 1468w, https:\/\/www.hotelf6.fi\/wp-content\/uploads\/2020\/09\/MG_9594-scaled.jpg 1835w\" sizes=\"auto, (max-width: 1376px) 100vw, 1376px\" \/><\/figure>\n\n\n\n<figure class=\"wp-block-image size-large\"><img loading=\"lazy\" decoding=\"async\" width=\"1337\" height=\"1920\" data-id=\"2402\" src=\"https:\/\/hotelf6.fi\/wp-content\/uploads\/2020\/09\/MG_9646-1337x1920.jpg\" alt=\"\" class=\"wp-image-2402\" srcset=\"https:\/\/www.hotelf6.fi\/wp-content\/uploads\/2020\/09\/MG_9646-1337x1920.jpg 1337w, https:\/\/www.hotelf6.fi\/wp-content\/uploads\/2020\/09\/MG_9646-713x1024.jpg 713w, https:\/\/www.hotelf6.fi\/wp-content\/uploads\/2020\/09\/MG_9646-1070x1536.jpg 1070w, https:\/\/www.hotelf6.fi\/wp-content\/uploads\/2020\/09\/MG_9646-1426x2048.jpg 1426w, https:\/\/www.hotelf6.fi\/wp-content\/uploads\/2020\/09\/MG_9646-scaled.jpg 1783w\" sizes=\"auto, (max-width: 1337px) 100vw, 1337px\" \/><\/figure>\n<\/figure>\n\n\n\n<div class=\"wp-block-columns is-layout-flex wp-container-core-columns-is-layout-9d6595d7 wp-block-columns-is-layout-flex\">\n<div class=\"wp-block-column is-layout-flow wp-block-column-is-layout-flow\"><\/div>\n\n\n\n<div class=\"wp-block-column is-layout-flow wp-block-column-is-layout-flow\">\n<hr class=\"wp-block-separator has-alpha-channel-opacity\"\/>\n<\/div>\n\n\n\n<div class=\"wp-block-column is-layout-flow wp-block-column-is-layout-flow\"><\/div>\n<\/div>\n\n\n\n<h2 class=\"wp-block-heading has-text-align-center\" style=\"font-size:28px;text-decoration:underline\"><em><a href=\"https:\/\/hotelf6.fi\/oiva-raportti\/\" title=\"\">Oiva-raportti<\/a><\/em><\/h2>\n","protected":false},"excerpt":{"rendered":"<p>Aamiainen sis\u00e4ltyy aina hintaan! Aamiaisemme koostuu tarkasti valikoiduista herkuista, joihin kuuluu runsaasti erilaisia l\u00e4hi- ja luomutuotteita Huhtikuun aamiaistarjous Juhlista kev\u00e4tt\u00e4 koko kuukauden ajan nauttimalla upeasta aamiaisbuffetistamme. Tarjoamme huhtikuun arkiaamuina sek\u00e4 p\u00e4\u00e4si\u00e4isviikonloppuna erikoishinnan, jotta voit aloittaa p\u00e4iv\u00e4si tyylill\u00e4. Nauti ravitsevasta ja kattavasta aamiaisestamme vain 22 \u20ac (norm. 28 \u20ac). Lis\u00e4\u00e4 lasillinen raikasta Mimosaa, yhteens\u00e4 30 \u20ac.<a class=\"excerpt-read-more\" href=\"https:\/\/www.hotelf6.fi\/fi\/aamiainen\/\" title=\"ReadAamiainen\">&#8230; Read more &raquo;<\/a><\/p>\n","protected":false},"author":2,"featured_media":0,"parent":0,"menu_order":0,"comment_status":"closed","ping_status":"closed","template":"","meta":{"_acf_changed":false,"footnotes":""},"class_list":["post-2655","page","type-page","status-publish","hentry"],"acf":[],"aioseo_notices":[],"_links":{"self":[{"href":"https:\/\/www.hotelf6.fi\/fi\/wp-json\/wp\/v2\/pages\/2655","targetHints":{"allow":["GET"]}}],"collection":[{"href":"https:\/\/www.hotelf6.fi\/fi\/wp-json\/wp\/v2\/pages"}],"about":[{"href":"https:\/\/www.hotelf6.fi\/fi\/wp-json\/wp\/v2\/types\/page"}],"author":[{"embeddable":true,"href":"https:\/\/www.hotelf6.fi\/fi\/wp-json\/wp\/v2\/users\/2"}],"replies":[{"embeddable":true,"href":"https:\/\/www.hotelf6.fi\/fi\/wp-json\/wp\/v2\/comments?post=2655"}],"version-history":[{"count":93,"href":"https:\/\/www.hotelf6.fi\/fi\/wp-json\/wp\/v2\/pages\/2655\/revisions"}],"predecessor-version":[{"id":8211,"href":"https:\/\/www.hotelf6.fi\/fi\/wp-json\/wp\/v2\/pages\/2655\/revisions\/8211"}],"wp:attachment":[{"href":"https:\/\/www.hotelf6.fi\/fi\/wp-json\/wp\/v2\/media?parent=2655"}],"curies":[{"name":"wp","href":"https:\/\/api.w.org\/{rel}","templated":true}]}}